{"id":100,"date":"2018-11-16T12:08:11","date_gmt":"2018-11-16T11:08:11","guid":{"rendered":"http:\/\/vbeta.royalgolfdaressalam.com\/?page_id=100"},"modified":"2024-11-05T15:38:42","modified_gmt":"2024-11-05T14:38:42","slug":"comite-de-direction","status":"publish","type":"page","link":"https:\/\/royalgolfdaressalam.com\/en\/lassociation\/comite-de-direction\/","title":{"rendered":"Executive Committee"},"content":{"rendered":"<p><\/p>\n<table style=\"width: 100%;\">\n<tbody>\n<tr>\n<td class=\"td1\" style=\"width: 49.4827%;\" valign=\"top\">\n<p class=\"p1\"><b>Pr\u00e9sident:<\/b><\/p>\n<\/td>\n<td class=\"td1\" style=\"width: 50.5173%;\" valign=\"top\">\n<p class=\"p1\">M. Abderrahmane BOUFTAS<\/p>\n<\/td>\n<\/tr>\n<tr>\n<td class=\"td1\" style=\"width: 49.4827%;\" valign=\"top\">\n<p class=\"p1\"><b>1<\/b><span class=\"s1\"><b><sup>er<\/sup><\/b><\/span><b> Vice-Pr\u00e9sident<\/b><\/p>\n<\/td>\n<td class=\"td1\" style=\"width: 50.5173%;\" valign=\"top\">\n<p class=\"p1\">M. Riad LAISSAOUI<\/p>\n<\/td>\n<\/tr>\n<tr>\n<td class=\"td1\" style=\"width: 49.4827%;\" valign=\"top\">\n<p class=\"p1\"><b>2<\/b><span class=\"s1\"><b><sup>\u00e8me<\/sup><\/b><\/span><b> Vice-Pr\u00e9sident<\/b><\/p>\n<\/td>\n<td class=\"td1\" style=\"width: 50.5173%;\" valign=\"top\">\n<p class=\"p1\">M. Amine EL HASSANI<\/p>\n<\/td>\n<\/tr>\n<tr>\n<td class=\"td1\" style=\"width: 49.4827%;\" valign=\"top\">\n<p class=\"p1\"><b>General Secretary<\/b><\/p>\n<\/td>\n<td class=\"td1\" style=\"width: 50.5173%;\" valign=\"top\">\n<p class=\"p1\">M. Kamel SAYADI<\/p>\n<\/td>\n<\/tr>\n<tr>\n<td class=\"td1\" style=\"width: 49.4827%;\" valign=\"top\">\n<p class=\"p1\"><b>Assistant General Secretary<\/b><\/p>\n<\/td>\n<td class=\"td1\" style=\"width: 50.5173%;\" valign=\"top\">\n<p class=\"p1\">M.Khalid YAHYA<\/p>\n<\/td>\n<\/tr>\n<tr>\n<td class=\"td1\" style=\"width: 49.4827%;\" valign=\"top\">\n<p class=\"p1\"><b>General Treasurer<\/b><\/p>\n<\/td>\n<td class=\"td1\" style=\"width: 50.5173%;\" valign=\"top\">\n<p class=\"p1\">M.Ali BENSOUDA<\/p>\n<\/td>\n<\/tr>\n<tr>\n<td class=\"td1\" style=\"width: 49.4827%;\" valign=\"top\">\n<p class=\"p1\"><b>Assistant General Treasurer<\/b><\/p>\n<\/td>\n<td class=\"td1\" style=\"width: 50.5173%;\" valign=\"top\">\n<p class=\"p1\">Mme Khouloud ABEJJA<\/p>\n<\/td>\n<\/tr>\n<tr>\n<td class=\"td1\" style=\"width: 49.4827%;\" valign=\"top\">\n<p class=\"p1\"><b>Infrastructures Commission<\/b><\/p>\n<\/td>\n<td class=\"td1\" style=\"width: 50.5173%;\" valign=\"top\">\n<p class=\"p1\">M. Kamal BEDRAOUI<\/p>\n<\/td>\n<\/tr>\n<tr>\n<td class=\"td1\" style=\"width: 49.4827%;\" valign=\"top\">\n<p class=\"p1\"><b>Young Commission<\/b><\/p>\n<\/td>\n<td class=\"td1\" style=\"width: 50.5173%;\" valign=\"top\">\n<p class=\"p1\">Mme Mounia AMALOU<\/p>\n<\/td>\n<\/tr>\n<tr>\n<td class=\"td1\" style=\"width: 49.4827%;\" valign=\"top\">\n<p class=\"p1\"><b>Sports Commission<\/b><\/p>\n<\/td>\n<td class=\"td1\" style=\"width: 50.5173%;\" valign=\"top\">\n<p class=\"p1\">M. Ali KETTANI<\/p>\n<\/td>\n<\/tr>\n<tr>\n<td class=\"td1\" style=\"width: 49.4827%;\" valign=\"top\">\n<p class=\"p1\"><b>Events and Club Life Committee<\/b><\/p>\n<\/td>\n<td class=\"td1\" style=\"width: 50.5173%;\" valign=\"top\">\n<p class=\"p1\">Mme Najat LACHHEB<\/p>\n<\/td>\n<\/tr>\n<tr>\n<td class=\"td1\" style=\"width: 49.4827%;\" valign=\"top\">\n<p class=\"p1\"><b>Communication and Marketing Committee<\/b><\/p>\n<\/td>\n<td class=\"td1\" style=\"width: 50.5173%;\" valign=\"top\">\n<p class=\"p1\">M.Mohammed BENMOUSSA<\/p>\n<\/td>\n<\/tr>\n<\/tbody>\n<\/table>\n<p><\/p>","protected":false},"excerpt":{"rendered":"<p>Pr\u00e9sident: M. Abderrahmane BOUFTAS 1er Vice-Pr\u00e9sident M. Riad LAISSAOUI 2\u00e8me Vice-Pr\u00e9sident M. Amine EL HASSANI General Secretary M. Kamel SAYADI Assistant General Secretary M.Khalid YAHYA General Treasurer M.Ali BENSOUDA Assistant General Treasurer Mme Khouloud ABEJJA Infrastructures Commission M. Kamal BEDRAOUI Young Commission Mme Mounia AMALOU Sports Commission M. Ali KETTANI Events and Club Life Committee &hellip; <\/p>\n<p class=\"link-more\"><a href=\"https:\/\/royalgolfdaressalam.com\/en\/lassociation\/comite-de-direction\/\" class=\"more-link\">Continue reading<span class=\"screen-reader-text\"> &#8220;Executive Committee&#8221;<\/span><\/a><\/p>\n","protected":false},"author":1,"featured_media":1607,"parent":96,"menu_order":2,"comment_status":"closed","ping_status":"closed","template":"","meta":{"footnotes":""},"_links":{"self":[{"href":"https:\/\/royalgolfdaressalam.com\/en\/wp-json\/wp\/v2\/pages\/100"}],"collection":[{"href":"https:\/\/royalgolfdaressalam.com\/en\/wp-json\/wp\/v2\/pages"}],"about":[{"href":"https:\/\/royalgolfdaressalam.com\/en\/wp-json\/wp\/v2\/types\/page"}],"author":[{"embeddable":true,"href":"https:\/\/royalgolfdaressalam.com\/en\/wp-json\/wp\/v2\/users\/1"}],"replies":[{"embeddable":true,"href":"https:\/\/royalgolfdaressalam.com\/en\/wp-json\/wp\/v2\/comments?post=100"}],"version-history":[{"count":15,"href":"https:\/\/royalgolfdaressalam.com\/en\/wp-json\/wp\/v2\/pages\/100\/revisions"}],"predecessor-version":[{"id":1608,"href":"https:\/\/royalgolfdaressalam.com\/en\/wp-json\/wp\/v2\/pages\/100\/revisions\/1608"}],"up":[{"embeddable":true,"href":"https:\/\/royalgolfdaressalam.com\/en\/wp-json\/wp\/v2\/pages\/96"}],"wp:featuredmedia":[{"embeddable":true,"href":"https:\/\/royalgolfdaressalam.com\/en\/wp-json\/wp\/v2\/media\/1607"}],"wp:attachment":[{"href":"https:\/\/royalgolfdaressalam.com\/en\/wp-json\/wp\/v2\/media?parent=100"}],"curies":[{"name":"wp","href":"https:\/\/api.w.org\/{rel}","templated":true}]}}