{"id":56,"date":"2018-11-16T11:53:24","date_gmt":"2018-11-16T10:53:24","guid":{"rendered":"http:\/\/vbeta.royalgolfdaressalam.com\/?page_id=56"},"modified":"2023-12-29T12:21:45","modified_gmt":"2023-12-29T11:21:45","slug":"presentation","status":"publish","type":"page","link":"https:\/\/royalgolfdaressalam.com\/en\/le-golf\/presentation\/","title":{"rendered":"Overview"},"content":{"rendered":"<p>Trac\u00e9 par Robert Trent Jones, le Royal Golf de Dar Es Salam n\u2019est qu\u2019\u00e0 une quinzaine de minutes du centre de Rabat, capitale du Royaume du Maroc.<\/p>\n<p>Son domaine s\u2019\u00e9tend sur quelque 440 hectares d\u2019arbres, de fleurs, d\u2019eau et de parcours appr\u00e9ci\u00e9s des vrais connaisseurs. Id\u00e9alement implant\u00e9 au c\u0153ur d\u2019une for\u00eat de ch\u00eanes-li\u00e8ges, le Royal Golf Dar Es Salam est une merveille du genre : technicit\u00e9, qualit\u00e9 des parcours, beaut\u00e9 d\u2019un paysage sublim\u00e9\u2026.<\/p>\n<p>les golfeurs et les esth\u00e8tes retrouvent ind\u00e9niablement en ce lieu, la magie des plus beaux golfs du monde. Y jouer, s\u2019y d\u00e9tendre, s\u2019y entra\u00eener, y gagner rel\u00e8ve du privil\u00e8ge des vrais \u00e9picuriens.<\/p>","protected":false},"excerpt":{"rendered":"<p>Trac\u00e9 par Robert Trent Jones, le Royal Golf de Dar Es Salam n\u2019est qu\u2019\u00e0 une quinzaine de minutes du centre de Rabat, capitale du Royaume du Maroc. Son domaine s\u2019\u00e9tend sur quelque 440 hectares d\u2019arbres, de fleurs, d\u2019eau et de parcours appr\u00e9ci\u00e9s des vrais connaisseurs. Id\u00e9alement implant\u00e9 au c\u0153ur d\u2019une for\u00eat de ch\u00eanes-li\u00e8ges, le Royal &hellip; <\/p>\n<p class=\"link-more\"><a href=\"https:\/\/royalgolfdaressalam.com\/en\/le-golf\/presentation\/\" class=\"more-link\">Continue reading<span class=\"screen-reader-text\"> &#8220;Overview&#8221;<\/span><\/a><\/p>\n","protected":false},"author":1,"featured_media":0,"parent":54,"menu_order":1,"comment_status":"closed","ping_status":"closed","template":"aboutus-page.php","meta":{"footnotes":""},"_links":{"self":[{"href":"https:\/\/royalgolfdaressalam.com\/en\/wp-json\/wp\/v2\/pages\/56"}],"collection":[{"href":"https:\/\/royalgolfdaressalam.com\/en\/wp-json\/wp\/v2\/pages"}],"about":[{"href":"https:\/\/royalgolfdaressalam.com\/en\/wp-json\/wp\/v2\/types\/page"}],"author":[{"embeddable":true,"href":"https:\/\/royalgolfdaressalam.com\/en\/wp-json\/wp\/v2\/users\/1"}],"replies":[{"embeddable":true,"href":"https:\/\/royalgolfdaressalam.com\/en\/wp-json\/wp\/v2\/comments?post=56"}],"version-history":[{"count":32,"href":"https:\/\/royalgolfdaressalam.com\/en\/wp-json\/wp\/v2\/pages\/56\/revisions"}],"predecessor-version":[{"id":1514,"href":"https:\/\/royalgolfdaressalam.com\/en\/wp-json\/wp\/v2\/pages\/56\/revisions\/1514"}],"up":[{"embeddable":true,"href":"https:\/\/royalgolfdaressalam.com\/en\/wp-json\/wp\/v2\/pages\/54"}],"wp:attachment":[{"href":"https:\/\/royalgolfdaressalam.com\/en\/wp-json\/wp\/v2\/media?parent=56"}],"curies":[{"name":"wp","href":"https:\/\/api.w.org\/{rel}","templated":true}]}}