{"id":58,"date":"2018-11-16T11:53:45","date_gmt":"2018-11-16T10:53:45","guid":{"rendered":"http:\/\/vbeta.royalgolfdaressalam.com\/?page_id=58"},"modified":"2023-12-29T12:26:04","modified_gmt":"2023-12-29T11:26:04","slug":"la-passion-dun-roi","status":"publish","type":"page","link":"https:\/\/royalgolfdaressalam.com\/en\/le-golf\/la-passion-dun-roi\/","title":{"rendered":"A King&#8217;s passion"},"content":{"rendered":"<p>Le golf existe dans le Royaume depuis le d\u00e9but du XX \u00e8me si\u00e8cle, mais c\u2019est sous la volont\u00e9 du Roi Hassan II, v\u00e9ritable passionn\u00e9, qu\u2019il prend toute son ampleur. En l\u2019espace d\u2019un r\u00e8gne, il fait de ce sport noble, une v\u00e9ritable tradition marocaine. C\u2019est en 1971 que sa Majest\u00e9 le Roi Hassan II donne \u00e0 la capitale du Maroc un complexe sportif ad\u00e9quat d\u00e9di\u00e9 au golf, un projet ambitieux aux d\u00e9tails soign\u00e9s, aux qualit\u00e9s techniques, aux structures bien pens\u00e9es et \u00e0 l\u2019atmosph\u00e8re tout en \u00e9l\u00e9gance. Le Golf de Dar Es Salam devient ainsi le c\u0153ur du golf national. Dans la lign\u00e9e du roi d\u00e9funt, c&#8217;est aujourd&#8217;hui Sa Majest\u00e9 Mohammed VI qui prend le relais et affiche sa volont\u00e9 de promouvoir ce sport. Mission confi\u00e9e \u00e0 son Altesse Royale Le Prince Moulay Rachid, connu pour son engagement et ses efforts investis dans le d\u00e9veloppement du golf au Maroc.<\/p>","protected":false},"excerpt":{"rendered":"<p>Le golf existe dans le Royaume depuis le d\u00e9but du XX \u00e8me si\u00e8cle, mais c\u2019est sous la volont\u00e9 du Roi Hassan II, v\u00e9ritable passionn\u00e9, qu\u2019il prend toute son ampleur. En l\u2019espace d\u2019un r\u00e8gne, il fait de ce sport noble, une v\u00e9ritable tradition marocaine. C\u2019est en 1971 que sa Majest\u00e9 le Roi Hassan II donne \u00e0 &hellip; <\/p>\n<p class=\"link-more\"><a href=\"https:\/\/royalgolfdaressalam.com\/en\/le-golf\/la-passion-dun-roi\/\" class=\"more-link\">Continue reading<span class=\"screen-reader-text\"> &#8220;A King&#8217;s passion&#8221;<\/span><\/a><\/p>\n","protected":false},"author":1,"featured_media":819,"parent":54,"menu_order":2,"comment_status":"closed","ping_status":"closed","template":"passion-dun-roi-page.php","meta":{"footnotes":""},"_links":{"self":[{"href":"https:\/\/royalgolfdaressalam.com\/en\/wp-json\/wp\/v2\/pages\/58"}],"collection":[{"href":"https:\/\/royalgolfdaressalam.com\/en\/wp-json\/wp\/v2\/pages"}],"about":[{"href":"https:\/\/royalgolfdaressalam.com\/en\/wp-json\/wp\/v2\/types\/page"}],"author":[{"embeddable":true,"href":"https:\/\/royalgolfdaressalam.com\/en\/wp-json\/wp\/v2\/users\/1"}],"replies":[{"embeddable":true,"href":"https:\/\/royalgolfdaressalam.com\/en\/wp-json\/wp\/v2\/comments?post=58"}],"version-history":[{"count":9,"href":"https:\/\/royalgolfdaressalam.com\/en\/wp-json\/wp\/v2\/pages\/58\/revisions"}],"predecessor-version":[{"id":1515,"href":"https:\/\/royalgolfdaressalam.com\/en\/wp-json\/wp\/v2\/pages\/58\/revisions\/1515"}],"up":[{"embeddable":true,"href":"https:\/\/royalgolfdaressalam.com\/en\/wp-json\/wp\/v2\/pages\/54"}],"wp:featuredmedia":[{"embeddable":true,"href":"https:\/\/royalgolfdaressalam.com\/en\/wp-json\/wp\/v2\/media\/819"}],"wp:attachment":[{"href":"https:\/\/royalgolfdaressalam.com\/en\/wp-json\/wp\/v2\/media?parent=58"}],"curies":[{"name":"wp","href":"https:\/\/api.w.org\/{rel}","templated":true}]}}